{"id":3363,"date":"2024-03-17T14:19:27","date_gmt":"2024-03-17T14:19:27","guid":{"rendered":"https:\/\/culturecolumnist.com\/?page_id=3363"},"modified":"2024-08-13T11:09:50","modified_gmt":"2024-08-13T10:09:50","slug":"mish","status":"publish","type":"page","link":"https:\/\/culturecolumnist.com\/author\/mish\/","title":{"rendered":"Mish"},"content":{"rendered":"\n<div class=\"wp-block-columns is-layout-flex wp-container-core-columns-is-layout-9d6595d7 wp-block-columns-is-layout-flex\">\n<div class=\"wp-block-column is-layout-flow wp-block-column-is-layout-flow\" style=\"flex-basis:33.33%\"><div class=\"wp-block-image\">\n<figure class=\"aligncenter size-full\"><img loading=\"lazy\" decoding=\"async\" width=\"320\" height=\"320\" src=\"http:\/\/culturecolumnist.com\/wp-content\/uploads\/2024\/01\/mish-culture-columnist.jpg\" alt=\"\" class=\"wp-image-2735\" srcset=\"https:\/\/culturecolumnist.com\/wp-content\/uploads\/2024\/01\/mish-culture-columnist.jpg 320w, https:\/\/culturecolumnist.com\/wp-content\/uploads\/2024\/01\/mish-culture-columnist-300x300.jpg 300w, https:\/\/culturecolumnist.com\/wp-content\/uploads\/2024\/01\/mish-culture-columnist-150x150.jpg 150w\" sizes=\"auto, (max-width: 320px) 100vw, 320px\" \/><\/figure><\/div>\n\n\n<ul class=\"wp-block-social-links aligncenter is-layout-flex wp-block-social-links-is-layout-flex\"><li class=\"wp-social-link wp-social-link-pinterest  wp-block-social-link\"><a href=\"https:\/\/www.pinterest.co.uk\/cc_mish\/\" class=\"wp-block-social-link-anchor\" target=\"_blank\" rel=\"noopener\"><svg width=\"24\" height=\"24\" viewBox=\"0 0 24 24\" version=\"1.1\" xmlns=\"http:\/\/www.w3.org\/2000\/svg\" aria-hidden=\"true\" focusable=\"false\"><path d=\"M12.289,2C6.617,2,3.606,5.648,3.606,9.622c0,1.846,1.025,4.146,2.666,4.878c0.25,0.111,0.381,0.063,0.439-0.169 c0.044-0.175,0.267-1.029,0.365-1.428c0.032-0.128,0.017-0.237-0.091-0.362C6.445,11.911,6.01,10.75,6.01,9.668 c0-2.777,2.194-5.464,5.933-5.464c3.23,0,5.49,2.108,5.49,5.122c0,3.407-1.794,5.768-4.13,5.768c-1.291,0-2.257-1.021-1.948-2.277 c0.372-1.495,1.089-3.112,1.089-4.191c0-0.967-0.542-1.775-1.663-1.775c-1.319,0-2.379,1.309-2.379,3.059 c0,1.115,0.394,1.869,0.394,1.869s-1.302,5.279-1.54,6.261c-0.405,1.666,0.053,4.368,0.094,4.604 c0.021,0.126,0.167,0.169,0.25,0.063c0.129-0.165,1.699-2.419,2.142-4.051c0.158-0.59,0.817-2.995,0.817-2.995 c0.43,0.784,1.681,1.446,3.013,1.446c3.963,0,6.822-3.494,6.822-7.833C20.394,5.112,16.849,2,12.289,2\"><\/path><\/svg><span class=\"wp-block-social-link-label screen-reader-text\">Pinterest<\/span><\/a><\/li>\n\n<li class=\"wp-social-link wp-social-link-instagram  wp-block-social-link\"><a href=\"https:\/\/www.instagram.com\/michnirua\/\" class=\"wp-block-social-link-anchor\" target=\"_blank\" rel=\"noopener\"><svg width=\"24\" height=\"24\" viewBox=\"0 0 24 24\" version=\"1.1\" xmlns=\"http:\/\/www.w3.org\/2000\/svg\" aria-hidden=\"true\" focusable=\"false\"><path d=\"M12,4.622c2.403,0,2.688,0.009,3.637,0.052c0.877,0.04,1.354,0.187,1.671,0.31c0.42,0.163,0.72,0.358,1.035,0.673 c0.315,0.315,0.51,0.615,0.673,1.035c0.123,0.317,0.27,0.794,0.31,1.671c0.043,0.949,0.052,1.234,0.052,3.637 s-0.009,2.688-0.052,3.637c-0.04,0.877-0.187,1.354-0.31,1.671c-0.163,0.42-0.358,0.72-0.673,1.035 c-0.315,0.315-0.615,0.51-1.035,0.673c-0.317,0.123-0.794,0.27-1.671,0.31c-0.949,0.043-1.233,0.052-3.637,0.052 s-2.688-0.009-3.637-0.052c-0.877-0.04-1.354-0.187-1.671-0.31c-0.42-0.163-0.72-0.358-1.035-0.673 c-0.315-0.315-0.51-0.615-0.673-1.035c-0.123-0.317-0.27-0.794-0.31-1.671C4.631,14.688,4.622,14.403,4.622,12 s0.009-2.688,0.052-3.637c0.04-0.877,0.187-1.354,0.31-1.671c0.163-0.42,0.358-0.72,0.673-1.035 c0.315-0.315,0.615-0.51,1.035-0.673c0.317-0.123,0.794-0.27,1.671-0.31C9.312,4.631,9.597,4.622,12,4.622 M12,3 C9.556,3,9.249,3.01,8.289,3.054C7.331,3.098,6.677,3.25,6.105,3.472C5.513,3.702,5.011,4.01,4.511,4.511 c-0.5,0.5-0.808,1.002-1.038,1.594C3.25,6.677,3.098,7.331,3.054,8.289C3.01,9.249,3,9.556,3,12c0,2.444,0.01,2.751,0.054,3.711 c0.044,0.958,0.196,1.612,0.418,2.185c0.23,0.592,0.538,1.094,1.038,1.594c0.5,0.5,1.002,0.808,1.594,1.038 c0.572,0.222,1.227,0.375,2.185,0.418C9.249,20.99,9.556,21,12,21s2.751-0.01,3.711-0.054c0.958-0.044,1.612-0.196,2.185-0.418 c0.592-0.23,1.094-0.538,1.594-1.038c0.5-0.5,0.808-1.002,1.038-1.594c0.222-0.572,0.375-1.227,0.418-2.185 C20.99,14.751,21,14.444,21,12s-0.01-2.751-0.054-3.711c-0.044-0.958-0.196-1.612-0.418-2.185c-0.23-0.592-0.538-1.094-1.038-1.594 c-0.5-0.5-1.002-0.808-1.594-1.038c-0.572-0.222-1.227-0.375-2.185-0.418C14.751,3.01,14.444,3,12,3L12,3z M12,7.378 c-2.552,0-4.622,2.069-4.622,4.622S9.448,16.622,12,16.622s4.622-2.069,4.622-4.622S14.552,7.378,12,7.378z M12,15 c-1.657,0-3-1.343-3-3s1.343-3,3-3s3,1.343,3,3S13.657,15,12,15z M16.804,6.116c-0.596,0-1.08,0.484-1.08,1.08 s0.484,1.08,1.08,1.08c0.596,0,1.08-0.484,1.08-1.08S17.401,6.116,16.804,6.116z\"><\/path><\/svg><span class=\"wp-block-social-link-label screen-reader-text\">Instagram<\/span><\/a><\/li><\/ul>\n<\/div>\n\n\n\n<div class=\"wp-block-column is-layout-flow wp-block-column-is-layout-flow\" style=\"flex-basis:66.66%\">\n<p>Hi I\u2019m Mish, the Travel Writer behind Culture Columnist. I have a BA and MA in Fine Art from the Haute \u00e9cole sp\u00e9cialis\u00e9e de Suisse occidentale.<\/p>\n\n\n\n<p>I am from Ireland and I began traveling as soon as I was old enough to apply for a passport. I\u2019ve lived in Switzerland, Greece and Ireland for most of my adult life and this blog is my way to help fellow travellers who are planning to embark on their own adventures to find all the information they need to make their trip enjoyable and memorable.\u00a0\u00a0<\/p>\n\n\n\n<p>I love all things travel related and I have a particular penchant for outdoor adventure, cultural diversity and travel photography. I became obsessed with travel through the Pilot Guides TV program with Ian Write, Justine Shapiro and Megan McCormick. <\/p>\n\n\n\n<p>They inspired me to explore the world beyond my own backyard, sparking a passion for discovering new places, people, and experiences.\u00a0<\/p>\n\n\n\n<p>\u00a0Travel writing and travel photography has become a way for me to capture and share these moments, a visual diary of my adventures that connects others to the beauty and diversity of the places I visit. <\/p>\n\n\n\n<p>In doing so, I aim to inspire and encourage others to embark on their own journeys of exploration and discovery.<\/p>\n\n\n\n<p class=\"has-text-align-center\"><em>We travel not to escape life, but for life not to escape us<\/em><\/p>\n<\/div>\n<\/div>\n","protected":false},"excerpt":{"rendered":"<p>Hi I\u2019m Mish, the Travel Writer behind Culture Columnist. I have a BA and MA in Fine Art from the Haute \u00e9cole sp\u00e9cialis\u00e9e de Suisse occidentale. I am from Ireland and I began traveling as soon as I was old enough to apply for a passport. I\u2019ve lived in Switzerland, Greece and Ireland for most&#8230;<\/p>\n","protected":false},"author":1,"featured_media":48,"parent":0,"menu_order":0,"comment_status":"closed","ping_status":"closed","template":"","meta":{"_eb_attr":"","_uag_custom_page_level_css":"","_kadence_starter_templates_imported_post":false,"_kad_post_transparent":"default","_kad_post_title":"default","_kad_post_layout":"default","_kad_post_sidebar_id":"","_kad_post_content_style":"default","_kad_post_vertical_padding":"default","_kad_post_feature":"","_kad_post_feature_position":"","_kad_post_header":false,"_kad_post_footer":false,"footnotes":""},"folder":[],"class_list":["post-3363","page","type-page","status-publish","has-post-thumbnail","hentry"],"uagb_featured_image_src":{"full":["https:\/\/culturecolumnist.com\/wp-content\/uploads\/2023\/12\/culture-columnist-travel-guide-mish.jpg",1348,828,false],"thumbnail":["https:\/\/culturecolumnist.com\/wp-content\/uploads\/2023\/12\/culture-columnist-travel-guide-mish-150x150.jpg",150,150,true],"medium":["https:\/\/culturecolumnist.com\/wp-content\/uploads\/2023\/12\/culture-columnist-travel-guide-mish-300x184.jpg",300,184,true],"medium_large":["https:\/\/culturecolumnist.com\/wp-content\/uploads\/2023\/12\/culture-columnist-travel-guide-mish-768x472.jpg",768,472,true],"large":["https:\/\/culturecolumnist.com\/wp-content\/uploads\/2023\/12\/culture-columnist-travel-guide-mish-1024x629.jpg",1024,629,true],"1536x1536":["https:\/\/culturecolumnist.com\/wp-content\/uploads\/2023\/12\/culture-columnist-travel-guide-mish.jpg",1348,828,false],"2048x2048":["https:\/\/culturecolumnist.com\/wp-content\/uploads\/2023\/12\/culture-columnist-travel-guide-mish.jpg",1348,828,false]},"uagb_author_info":{"display_name":"CC Mish","author_link":"https:\/\/culturecolumnist.com\/author\/culturecolumnist-com\/"},"uagb_comment_info":0,"uagb_excerpt":"Hi I\u2019m Mish, the Travel Writer behind Culture Columnist. I have a BA and MA in Fine Art from the Haute \u00e9cole sp\u00e9cialis\u00e9e de Suisse occidentale. I am from Ireland and I began traveling as soon as I was old enough to apply for a passport. I\u2019ve lived in Switzerland, Greece and Ireland for most...","_links":{"self":[{"href":"https:\/\/culturecolumnist.com\/index.php\/wp-json\/wp\/v2\/pages\/3363","targetHints":{"allow":["GET"]}}],"collection":[{"href":"https:\/\/culturecolumnist.com\/index.php\/wp-json\/wp\/v2\/pages"}],"about":[{"href":"https:\/\/culturecolumnist.com\/index.php\/wp-json\/wp\/v2\/types\/page"}],"author":[{"embeddable":true,"href":"https:\/\/culturecolumnist.com\/index.php\/wp-json\/wp\/v2\/users\/1"}],"replies":[{"embeddable":true,"href":"https:\/\/culturecolumnist.com\/index.php\/wp-json\/wp\/v2\/comments?post=3363"}],"version-history":[{"count":19,"href":"https:\/\/culturecolumnist.com\/index.php\/wp-json\/wp\/v2\/pages\/3363\/revisions"}],"predecessor-version":[{"id":4487,"href":"https:\/\/culturecolumnist.com\/index.php\/wp-json\/wp\/v2\/pages\/3363\/revisions\/4487"}],"wp:featuredmedia":[{"embeddable":true,"href":"https:\/\/culturecolumnist.com\/index.php\/wp-json\/wp\/v2\/media\/48"}],"wp:attachment":[{"href":"https:\/\/culturecolumnist.com\/index.php\/wp-json\/wp\/v2\/media?parent=3363"}],"wp:term":[{"taxonomy":"folder","embeddable":true,"href":"https:\/\/culturecolumnist.com\/index.php\/wp-json\/wp\/v2\/folder?post=3363"}],"curies":[{"name":"wp","href":"https:\/\/api.w.org\/{rel}","templated":true}]}}